{"id":11183,"date":"2026-02-12T14:20:12","date_gmt":"2026-02-12T13:20:12","guid":{"rendered":"https:\/\/agroinco.com.bo\/website\/?post_type=product&#038;p=11183"},"modified":"2026-03-28T01:39:16","modified_gmt":"2026-03-28T00:39:16","slug":"te-rojo-x-20-saquitos","status":"publish","type":"product","link":"https:\/\/agroinco.com.bo\/website\/producto\/te-rojo-x-20-saquitos\/","title":{"rendered":"T\u00c9 ROJO x 20 SAQUITOS"},"content":{"rendered":"<div class=\"wpb-content-wrapper\"><p>[vc_row][vc_column][vc_column_text css=\u00bb\u00bb woodmart_inline=\u00bbno\u00bb text_larger=\u00bbno\u00bb]El T\u00e9 rojo obtiene sus cualidades luego de un proceso de fermentaci\u00f3n en toneles de madera. Esta particular t\u00e9cnica le confiere su intenso sabor y color rojizo caracter\u00edstico.<br \/>\nIngredientes:T\u00e9 rojo.<br \/>\nESTUCHES CON 20 SAQUITOS ENSOBRADOS. PESO NETO 30g.[\/vc_column_text][\/vc_column][\/vc_row]<\/p>\n<\/div>","protected":false},"excerpt":{"rendered":"<p>[vc_row][vc_column][vc_column_text css=\u00bb\u00bb woodmart_inline=\u00bbno\u00bb text_larger=\u00bbno\u00bb]El T\u00e9 rojo obtiene sus cualidades luego de un proceso de fermentaci\u00f3n en toneles de madera. Esta<\/p>\n","protected":false},"featured_media":11184,"template":"","meta":[],"product_brand":[],"product_cat":[80],"product_tag":[498],"class_list":{"0":"post-11183","1":"product","2":"type-product","3":"status-publish","4":"has-post-thumbnail","6":"product_cat-productos-alimenticios","7":"product_tag-te-rojo","9":"first","10":"outofstock","11":"shipping-taxable","12":"product-type-simple"},"_links":{"self":[{"href":"https:\/\/agroinco.com.bo\/website\/wp-json\/wp\/v2\/product\/11183","targetHints":{"allow":["GET"]}}],"collection":[{"href":"https:\/\/agroinco.com.bo\/website\/wp-json\/wp\/v2\/product"}],"about":[{"href":"https:\/\/agroinco.com.bo\/website\/wp-json\/wp\/v2\/types\/product"}],"wp:featuredmedia":[{"embeddable":true,"href":"https:\/\/agroinco.com.bo\/website\/wp-json\/wp\/v2\/media\/11184"}],"wp:attachment":[{"href":"https:\/\/agroinco.com.bo\/website\/wp-json\/wp\/v2\/media?parent=11183"}],"wp:term":[{"taxonomy":"product_brand","embeddable":true,"href":"https:\/\/agroinco.com.bo\/website\/wp-json\/wp\/v2\/product_brand?post=11183"},{"taxonomy":"product_cat","embeddable":true,"href":"https:\/\/agroinco.com.bo\/website\/wp-json\/wp\/v2\/product_cat?post=11183"},{"taxonomy":"product_tag","embeddable":true,"href":"https:\/\/agroinco.com.bo\/website\/wp-json\/wp\/v2\/product_tag?post=11183"}],"curies":[{"name":"wp","href":"https:\/\/api.w.org\/{rel}","templated":true}]}}