{"id":11185,"date":"2026-02-12T14:21:28","date_gmt":"2026-02-12T13:21:28","guid":{"rendered":"https:\/\/agroinco.com.bo\/website\/?post_type=product&#038;p=11185"},"modified":"2026-02-12T14:21:28","modified_gmt":"2026-02-12T13:21:28","slug":"te-chai-rosa-mosqueta-y-canela-y-especia-x-20-saquitos","status":"publish","type":"product","link":"https:\/\/agroinco.com.bo\/website\/producto\/te-chai-rosa-mosqueta-y-canela-y-especia-x-20-saquitos\/","title":{"rendered":"TE CHAI ROSA MOSQUETA Y CANELA Y ESPECIA x 20 SAQUITOS"},"content":{"rendered":"<div class=\"wpb-content-wrapper\"><p>[vc_row][vc_column][vc_column_text css=\u00bb\u00bb woodmart_inline=\u00bbno\u00bb text_larger=\u00bbno\u00bb]Disfrute saboreando este ex\u00f3tico e intenso blend con notas de canela, clavo y cardamomo amalgamadas al delicado perfume de la rosa mosqueta. Esta robusta combinaci\u00f3n de aromas y sabores especiados evoca al afamado Masala Chai, una cl\u00e1sica bebida hind\u00fa que se prefiere dulce y con el agregado de leche fresca.<br \/>\nIngredientes: Rosa mosqueta, canela, trocitos de manzana, clavo de olor, pimienta de Jamaica, naranja, cardamomo, jengibre y sabores.<br \/>\nESTUCHES CON 20 SAQUITOS ENSOBRADOS.<br \/>\nPESO NETO 40g.[\/vc_column_text][\/vc_column][\/vc_row]<\/p>\n<\/div>","protected":false},"excerpt":{"rendered":"<p>[vc_row][vc_column][vc_column_text css=\u00bb\u00bb woodmart_inline=\u00bbno\u00bb text_larger=\u00bbno\u00bb]Disfrute saboreando este ex\u00f3tico e intenso blend con notas de canela, clavo y cardamomo amalgamadas al delicado<\/p>\n","protected":false},"featured_media":11186,"template":"","meta":[],"product_brand":[],"product_cat":[80],"product_tag":[499,500],"class_list":{"0":"post-11185","1":"product","2":"type-product","3":"status-publish","4":"has-post-thumbnail","6":"product_cat-productos-alimenticios","7":"product_tag-infusion","8":"product_tag-sin-azucar","10":"first","11":"instock","12":"shipping-taxable","13":"product-type-simple"},"_links":{"self":[{"href":"https:\/\/agroinco.com.bo\/website\/wp-json\/wp\/v2\/product\/11185","targetHints":{"allow":["GET"]}}],"collection":[{"href":"https:\/\/agroinco.com.bo\/website\/wp-json\/wp\/v2\/product"}],"about":[{"href":"https:\/\/agroinco.com.bo\/website\/wp-json\/wp\/v2\/types\/product"}],"wp:featuredmedia":[{"embeddable":true,"href":"https:\/\/agroinco.com.bo\/website\/wp-json\/wp\/v2\/media\/11186"}],"wp:attachment":[{"href":"https:\/\/agroinco.com.bo\/website\/wp-json\/wp\/v2\/media?parent=11185"}],"wp:term":[{"taxonomy":"product_brand","embeddable":true,"href":"https:\/\/agroinco.com.bo\/website\/wp-json\/wp\/v2\/product_brand?post=11185"},{"taxonomy":"product_cat","embeddable":true,"href":"https:\/\/agroinco.com.bo\/website\/wp-json\/wp\/v2\/product_cat?post=11185"},{"taxonomy":"product_tag","embeddable":true,"href":"https:\/\/agroinco.com.bo\/website\/wp-json\/wp\/v2\/product_tag?post=11185"}],"curies":[{"name":"wp","href":"https:\/\/api.w.org\/{rel}","templated":true}]}}