{"id":11193,"date":"2026-02-12T14:32:22","date_gmt":"2026-02-12T13:32:22","guid":{"rendered":"https:\/\/agroinco.com.bo\/website\/?post_type=product&#038;p=11193"},"modified":"2026-03-28T01:37:50","modified_gmt":"2026-03-28T00:37:50","slug":"infusion-naranja-canela-y-anis-x-20-saquitos","status":"publish","type":"product","link":"https:\/\/agroinco.com.bo\/website\/producto\/infusion-naranja-canela-y-anis-x-20-saquitos\/","title":{"rendered":"INFUSI\u00d3N NARANJA CANELA Y AN\u00cdS x 20 SAQUITOS"},"content":{"rendered":"<div class=\"wpb-content-wrapper\"><p>[vc_row][vc_column][vc_column_text css=\u00bb\u00bb woodmart_inline=\u00bbno\u00bb text_larger=\u00bbno\u00bb]Disfrute saboreando esta delicada infusi\u00f3n de jugosas naranjas, canela y an\u00eds, y rem\u00f3ntese a tierras lejanas donde el saber milenario descubri\u00f3 exquisitos aromas y sabores, combinando finas hierbas, frutas y especias ex\u00f3ticas en un blend \u00fanico de deliciosas notas frutales.<br \/>\nIngredientes:Trocitos de naranja, manzana, rosa mosqueta, canela, an\u00eds y sabores.<br \/>\nESTUCHES CON 20 SAQUITOS ENSOBRADOS.<br \/>\nPESO NETO 40g.[\/vc_column_text][\/vc_column][\/vc_row]<\/p>\n<\/div>","protected":false},"excerpt":{"rendered":"<p>[vc_row][vc_column][vc_column_text css=\u00bb\u00bb woodmart_inline=\u00bbno\u00bb text_larger=\u00bbno\u00bb]Disfrute saboreando esta delicada infusi\u00f3n de jugosas naranjas, canela y an\u00eds, y rem\u00f3ntese a tierras lejanas donde<\/p>\n","protected":false},"featured_media":11194,"template":"","meta":[],"product_brand":[],"product_cat":[80],"product_tag":[502,503,501,504],"class_list":{"0":"post-11193","1":"product","2":"type-product","3":"status-publish","4":"has-post-thumbnail","6":"product_cat-productos-alimenticios","7":"product_tag-aniz","8":"product_tag-canela","9":"product_tag-infusiones","10":"product_tag-naranja","12":"first","13":"outofstock","14":"shipping-taxable","15":"product-type-simple"},"_links":{"self":[{"href":"https:\/\/agroinco.com.bo\/website\/wp-json\/wp\/v2\/product\/11193","targetHints":{"allow":["GET"]}}],"collection":[{"href":"https:\/\/agroinco.com.bo\/website\/wp-json\/wp\/v2\/product"}],"about":[{"href":"https:\/\/agroinco.com.bo\/website\/wp-json\/wp\/v2\/types\/product"}],"wp:featuredmedia":[{"embeddable":true,"href":"https:\/\/agroinco.com.bo\/website\/wp-json\/wp\/v2\/media\/11194"}],"wp:attachment":[{"href":"https:\/\/agroinco.com.bo\/website\/wp-json\/wp\/v2\/media?parent=11193"}],"wp:term":[{"taxonomy":"product_brand","embeddable":true,"href":"https:\/\/agroinco.com.bo\/website\/wp-json\/wp\/v2\/product_brand?post=11193"},{"taxonomy":"product_cat","embeddable":true,"href":"https:\/\/agroinco.com.bo\/website\/wp-json\/wp\/v2\/product_cat?post=11193"},{"taxonomy":"product_tag","embeddable":true,"href":"https:\/\/agroinco.com.bo\/website\/wp-json\/wp\/v2\/product_tag?post=11193"}],"curies":[{"name":"wp","href":"https:\/\/api.w.org\/{rel}","templated":true}]}}