{"id":11203,"date":"2026-02-12T14:44:03","date_gmt":"2026-02-12T13:44:03","guid":{"rendered":"https:\/\/agroinco.com.bo\/website\/?post_type=product&#038;p=11203"},"modified":"2026-02-12T14:44:04","modified_gmt":"2026-02-12T13:44:04","slug":"frutos-del-bosque-x-20-saquitos","status":"publish","type":"product","link":"https:\/\/agroinco.com.bo\/website\/producto\/frutos-del-bosque-x-20-saquitos\/","title":{"rendered":"FRUTOS DEL BOSQUE X 20 SAQUITOS"},"content":{"rendered":"<div class=\"wpb-content-wrapper\"><p>[vc_row][vc_column][vc_column_text css=\u00bb\u00bb woodmart_inline=\u00bbno\u00bb text_larger=\u00bbno\u00bb]Infusi\u00f3n con trocitos de frutas<\/p>\n<p>BENEFICIOS: Disfrute saboreando esta delicada infusi\u00f3n de frutos del bosque con frambuesa, grosella y zarzamora, y transp\u00f3rtese a un m\u00e1gico bosque encantado, donde la naturaleza inspir\u00f3 poes\u00eda y leyendas que pueden ser revividas en sue\u00f1os a trav\u00e9s de los aromas frutales de esta combinaci\u00f3n \u00fanica.<\/p>\n<p>INGREDIENTES: Rosa mosqueta (Rosa canina L.), trocitos de frambuesa (Rubus idaeus L.), grosella (Ribes nigrum L.), zarzamora (Rubus fruticosus L.), hibisco (Hibiscus sabdariffa L.) manzana (Pyrus malus L.), bayas de sauco (Sambucus nigra L.) y sabores: frambuesa, zarzamora.<\/p>\n<p>PRESENTACION: Estuches conteniendo 20 saquitos ensobrados. Peso neto 40gr.<\/p>\n<p>Esta infusi\u00f3n no contiene colorantes ni conservantes. Sin cafe\u00edna, no contiene t\u00e9 negro (Camellia sinensis L.). Producto con certificaci\u00f3n Kosher.[\/vc_column_text][\/vc_column][\/vc_row]<\/p>\n<\/div>","protected":false},"excerpt":{"rendered":"<p>Frutos del bosque x 20 saquitos<\/p>\n","protected":false},"featured_media":11204,"template":"","meta":[],"product_brand":[],"product_cat":[80],"product_tag":[512,513,501,506,507,508,509,510],"class_list":{"0":"post-11203","1":"product","2":"type-product","3":"status-publish","4":"has-post-thumbnail","6":"product_cat-productos-alimenticios","7":"product_tag-frambuesa","8":"product_tag-frutos-del-bosque","9":"product_tag-infusiones","10":"product_tag-laboratorio-pharmamerican","11":"product_tag-pharmamerican","12":"product_tag-saintgottard","13":"product_tag-siempre-natural","14":"product_tag-te","16":"first","17":"instock","18":"shipping-taxable","19":"product-type-simple"},"_links":{"self":[{"href":"https:\/\/agroinco.com.bo\/website\/wp-json\/wp\/v2\/product\/11203","targetHints":{"allow":["GET"]}}],"collection":[{"href":"https:\/\/agroinco.com.bo\/website\/wp-json\/wp\/v2\/product"}],"about":[{"href":"https:\/\/agroinco.com.bo\/website\/wp-json\/wp\/v2\/types\/product"}],"wp:featuredmedia":[{"embeddable":true,"href":"https:\/\/agroinco.com.bo\/website\/wp-json\/wp\/v2\/media\/11204"}],"wp:attachment":[{"href":"https:\/\/agroinco.com.bo\/website\/wp-json\/wp\/v2\/media?parent=11203"}],"wp:term":[{"taxonomy":"product_brand","embeddable":true,"href":"https:\/\/agroinco.com.bo\/website\/wp-json\/wp\/v2\/product_brand?post=11203"},{"taxonomy":"product_cat","embeddable":true,"href":"https:\/\/agroinco.com.bo\/website\/wp-json\/wp\/v2\/product_cat?post=11203"},{"taxonomy":"product_tag","embeddable":true,"href":"https:\/\/agroinco.com.bo\/website\/wp-json\/wp\/v2\/product_tag?post=11203"}],"curies":[{"name":"wp","href":"https:\/\/api.w.org\/{rel}","templated":true}]}}