{"id":11207,"date":"2026-02-12T14:50:00","date_gmt":"2026-02-12T13:50:00","guid":{"rendered":"https:\/\/agroinco.com.bo\/website\/?post_type=product&#038;p=11207"},"modified":"2026-02-12T14:50:00","modified_gmt":"2026-02-12T13:50:00","slug":"balineras-metalicas","status":"publish","type":"product","link":"https:\/\/agroinco.com.bo\/website\/producto\/balineras-metalicas\/","title":{"rendered":"BALINERAS METALICAS"},"content":{"rendered":"<div class=\"wpb-content-wrapper\"><p>[vc_row][vc_column][vc_column_text css=\u00bb\u00bb woodmart_inline=\u00bbno\u00bb text_larger=\u00bbno\u00bb]Componente mec\u00e1nico que se utiliza para reducir la fricci\u00f3n entre dos piezas en movimiento relativo, permitiendo que una gire o se desplace con mayor facilidad. Est\u00e1 compuesto principalmente por una serie de bolas o rodillos que se encuentran entre dos anillos conc\u00e9ntricos (el anillo interior y el anillo exterior). Estas balineras met\u00e1licas se utilizan como repuesto para las carretillas.[\/vc_column_text][\/vc_column][\/vc_row]<\/p>\n<\/div>","protected":false},"excerpt":{"rendered":"<p>Rodamiento utilizado como pieza de repuesto para carretillas.<\/p>\n","protected":false},"featured_media":11208,"template":"","meta":[],"product_brand":[],"product_cat":[90],"product_tag":[517,200,518,519,520],"class_list":{"0":"post-11207","1":"product","2":"type-product","3":"status-publish","4":"has-post-thumbnail","6":"product_cat-carretillas","7":"product_tag-carretillas","8":"product_tag-herramientas","9":"product_tag-piezas","10":"product_tag-respuesto","11":"product_tag-rodamientos","13":"first","14":"instock","15":"shipping-taxable","16":"product-type-simple"},"_links":{"self":[{"href":"https:\/\/agroinco.com.bo\/website\/wp-json\/wp\/v2\/product\/11207","targetHints":{"allow":["GET"]}}],"collection":[{"href":"https:\/\/agroinco.com.bo\/website\/wp-json\/wp\/v2\/product"}],"about":[{"href":"https:\/\/agroinco.com.bo\/website\/wp-json\/wp\/v2\/types\/product"}],"wp:featuredmedia":[{"embeddable":true,"href":"https:\/\/agroinco.com.bo\/website\/wp-json\/wp\/v2\/media\/11208"}],"wp:attachment":[{"href":"https:\/\/agroinco.com.bo\/website\/wp-json\/wp\/v2\/media?parent=11207"}],"wp:term":[{"taxonomy":"product_brand","embeddable":true,"href":"https:\/\/agroinco.com.bo\/website\/wp-json\/wp\/v2\/product_brand?post=11207"},{"taxonomy":"product_cat","embeddable":true,"href":"https:\/\/agroinco.com.bo\/website\/wp-json\/wp\/v2\/product_cat?post=11207"},{"taxonomy":"product_tag","embeddable":true,"href":"https:\/\/agroinco.com.bo\/website\/wp-json\/wp\/v2\/product_tag?post=11207"}],"curies":[{"name":"wp","href":"https:\/\/api.w.org\/{rel}","templated":true}]}}