{"id":11225,"date":"2026-02-12T15:43:06","date_gmt":"2026-02-12T14:43:06","guid":{"rendered":"https:\/\/agroinco.com.bo\/website\/?post_type=product&#038;p=11225"},"modified":"2026-02-12T15:43:39","modified_gmt":"2026-02-12T14:43:39","slug":"machete-recto-de-24","status":"publish","type":"product","link":"https:\/\/agroinco.com.bo\/website\/producto\/machete-recto-de-24\/","title":{"rendered":"MACHETE RECTO DE 24&#8243;"},"content":{"rendered":"<div class=\"wpb-content-wrapper\"><p>[vc_row][vc_column][vc_column_text css=\u00bb\u00bb woodmart_inline=\u00bbno\u00bb text_larger=\u00bbno\u00bb]Referencia: 14170024<\/p>\n<p>Troquelado en una sola pieza de acero hasta el final de la cacha para poder generar golpes firmes disminuyendo la vibraci\u00f3n. Este producto cuenta con un tratamiento t\u00e9rmico con el fin de dar mayor durabilidad al afilado, y con l\u00e1mina flexible que brinda mayor resistencia a la hoja. Preafilados, listos para usar.<\/p>\n<p>Usos<\/p>\n<p>Son ideales en el sector agr\u00edcola para cortar, rozar y desyerbar \u00e1rboles, potreros, arbustos y cultivos.<\/p>\n<p>Recomendaciones<\/p>\n<p>Usar elementos de protecci\u00f3n personal<\/p>\n<p>Dimensiones<\/p>\n<table>\n<tbody>\n<tr>\n<td width=\"189\"><strong>Espesor<\/strong><\/td>\n<td width=\"189\"><strong>Longitud<\/strong><\/td>\n<td width=\"189\"><strong>Acabado<\/strong><\/td>\n<\/tr>\n<tr>\n<td width=\"189\">2 mm<\/td>\n<td width=\"189\">24\u201d<\/td>\n<td width=\"189\">Pulido<\/td>\n<\/tr>\n<\/tbody>\n<\/table>\n<p>[\/vc_column_text][\/vc_column][\/vc_row]<\/p>\n<\/div>","protected":false},"excerpt":{"rendered":"<p>Machete recto de 24 pulgadas<\/p>\n","protected":false},"featured_media":11226,"template":"","meta":[],"product_brand":[],"product_cat":[99],"product_tag":[530,531,532],"class_list":{"0":"post-11225","1":"product","2":"type-product","3":"status-publish","4":"has-post-thumbnail","6":"product_cat-tijeras-y-machetes","7":"product_tag-cortar","8":"product_tag-desyerbar","9":"product_tag-machete","11":"first","12":"instock","13":"shipping-taxable","14":"product-type-simple"},"_links":{"self":[{"href":"https:\/\/agroinco.com.bo\/website\/wp-json\/wp\/v2\/product\/11225","targetHints":{"allow":["GET"]}}],"collection":[{"href":"https:\/\/agroinco.com.bo\/website\/wp-json\/wp\/v2\/product"}],"about":[{"href":"https:\/\/agroinco.com.bo\/website\/wp-json\/wp\/v2\/types\/product"}],"wp:featuredmedia":[{"embeddable":true,"href":"https:\/\/agroinco.com.bo\/website\/wp-json\/wp\/v2\/media\/11226"}],"wp:attachment":[{"href":"https:\/\/agroinco.com.bo\/website\/wp-json\/wp\/v2\/media?parent=11225"}],"wp:term":[{"taxonomy":"product_brand","embeddable":true,"href":"https:\/\/agroinco.com.bo\/website\/wp-json\/wp\/v2\/product_brand?post=11225"},{"taxonomy":"product_cat","embeddable":true,"href":"https:\/\/agroinco.com.bo\/website\/wp-json\/wp\/v2\/product_cat?post=11225"},{"taxonomy":"product_tag","embeddable":true,"href":"https:\/\/agroinco.com.bo\/website\/wp-json\/wp\/v2\/product_tag?post=11225"}],"curies":[{"name":"wp","href":"https:\/\/api.w.org\/{rel}","templated":true}]}}