{"id":11238,"date":"2026-02-12T16:02:17","date_gmt":"2026-02-12T15:02:17","guid":{"rendered":"https:\/\/agroinco.com.bo\/website\/?post_type=product&#038;p=11238"},"modified":"2026-02-12T16:02:17","modified_gmt":"2026-02-12T15:02:17","slug":"podon-bananero","status":"publish","type":"product","link":"https:\/\/agroinco.com.bo\/website\/producto\/podon-bananero\/","title":{"rendered":"POD\u00d3N BANANERO"},"content":{"rendered":"<div class=\"wpb-content-wrapper\"><p>[vc_row][vc_column][vc_column_text css=\u00bb\u00bb woodmart_inline=\u00bbno\u00bb text_larger=\u00bbno\u00bb]Referencia: 03371600<\/p>\n<p>Productos sometidos a un proceso de dise\u00f1o riguroso que les otorgan caracter\u00edsticas formales, est\u00e9ticas y funcionales de alto nivel: Su forma permite exactitud en el corte del fruto sin que haya deterioro de las dem\u00e1s partes de la planta.<\/p>\n<table>\n<tbody>\n<tr>\n<td width=\"189\"><strong>Alto<\/strong><\/td>\n<td width=\"189\"><strong>Ancho<\/strong><\/td>\n<td width=\"189\"><strong>Acabado<\/strong><\/td>\n<\/tr>\n<tr>\n<td width=\"189\">211 mm<\/td>\n<td width=\"189\">147 mm<\/td>\n<td width=\"189\">Pintado<\/td>\n<\/tr>\n<\/tbody>\n<\/table>\n<p>[\/vc_column_text][\/vc_column][\/vc_row]<\/p>\n<\/div>","protected":false},"excerpt":{"rendered":"<p>Pod\u00f3n Bananero<\/p>\n","protected":false},"featured_media":11239,"template":"","meta":[],"product_brand":[],"product_cat":[98],"product_tag":[540,240,521],"class_list":{"0":"post-11238","1":"product","2":"type-product","3":"status-publish","4":"has-post-thumbnail","6":"product_cat-poda-y-cosecha","7":"product_tag-banana","8":"product_tag-cosecha","9":"product_tag-poda","11":"first","12":"instock","13":"shipping-taxable","14":"product-type-simple"},"_links":{"self":[{"href":"https:\/\/agroinco.com.bo\/website\/wp-json\/wp\/v2\/product\/11238","targetHints":{"allow":["GET"]}}],"collection":[{"href":"https:\/\/agroinco.com.bo\/website\/wp-json\/wp\/v2\/product"}],"about":[{"href":"https:\/\/agroinco.com.bo\/website\/wp-json\/wp\/v2\/types\/product"}],"wp:featuredmedia":[{"embeddable":true,"href":"https:\/\/agroinco.com.bo\/website\/wp-json\/wp\/v2\/media\/11239"}],"wp:attachment":[{"href":"https:\/\/agroinco.com.bo\/website\/wp-json\/wp\/v2\/media?parent=11238"}],"wp:term":[{"taxonomy":"product_brand","embeddable":true,"href":"https:\/\/agroinco.com.bo\/website\/wp-json\/wp\/v2\/product_brand?post=11238"},{"taxonomy":"product_cat","embeddable":true,"href":"https:\/\/agroinco.com.bo\/website\/wp-json\/wp\/v2\/product_cat?post=11238"},{"taxonomy":"product_tag","embeddable":true,"href":"https:\/\/agroinco.com.bo\/website\/wp-json\/wp\/v2\/product_tag?post=11238"}],"curies":[{"name":"wp","href":"https:\/\/api.w.org\/{rel}","templated":true}]}}