{"id":11244,"date":"2026-02-12T16:12:33","date_gmt":"2026-02-12T15:12:33","guid":{"rendered":"https:\/\/agroinco.com.bo\/website\/?post_type=product&#038;p=11244"},"modified":"2026-02-12T16:12:33","modified_gmt":"2026-02-12T15:12:33","slug":"azadon-forjado-tipo-lane-1","status":"publish","type":"product","link":"https:\/\/agroinco.com.bo\/website\/producto\/azadon-forjado-tipo-lane-1\/","title":{"rendered":"AZAD\u00d3N FORJADO TIPO LANE #1"},"content":{"rendered":"<div class=\"wpb-content-wrapper\"><p>[vc_row][vc_column][vc_column_text css=\u00bb\u00bb woodmart_inline=\u00bbno\u00bb text_larger=\u00bbno\u00bb]Referencia: 01221010<\/p>\n<p>Azad\u00f3n forjado una sola pieza en acero de alto carbono SAE 1045, pre afilado, con un tratamiento t\u00e9rmico con temple y revenido garantizando un menor desgaste, haci\u00e9ndolo m\u00e1s resistente a la flexi\u00f3n, tracci\u00f3n, torsi\u00f3n e impacto. Un producto 100% fabricado en Colombia por Herragro.<\/p>\n<p>Usos<\/p>\n<p>En el sector agr\u00edcola se usan para limpiar o desmalezar los azadones rectos y para arar el terreno los azadones curvos. Preparaci\u00f3n de suelos, labores de siembra, construcci\u00f3n de drenajes. \u00a0Ideal para la limpia y el cultivo de caf\u00e9. Tambi\u00e9n es ideal para el trabajo en cultivos de ajonjol\u00ed.<\/p>\n<p>Alto: 205mm<\/p>\n<p>Ancho: 190mm<\/p>\n<p>Recomendaciones<\/p>\n<p>Usar elementos de protecci\u00f3n personal[\/vc_column_text][\/vc_column][\/vc_row]<\/p>\n<\/div>","protected":false},"excerpt":{"rendered":"<p>Azad\u00f3n forjado tipo Lane #1<\/p>\n","protected":false},"featured_media":11245,"template":"","meta":[],"product_brand":[],"product_cat":[97],"product_tag":[544,451,260,542,545,543,259],"class_list":{"0":"post-11244","1":"product","2":"type-product","3":"status-publish","4":"has-post-thumbnail","6":"product_cat-picos-y-azadon","7":"product_tag-ajonjoli","8":"product_tag-cafe","9":"product_tag-cultivos","10":"product_tag-drenajes","11":"product_tag-labores-de-siembra","12":"product_tag-preparacion-suelos","13":"product_tag-siembra","15":"first","16":"instock","17":"shipping-taxable","18":"product-type-simple"},"_links":{"self":[{"href":"https:\/\/agroinco.com.bo\/website\/wp-json\/wp\/v2\/product\/11244","targetHints":{"allow":["GET"]}}],"collection":[{"href":"https:\/\/agroinco.com.bo\/website\/wp-json\/wp\/v2\/product"}],"about":[{"href":"https:\/\/agroinco.com.bo\/website\/wp-json\/wp\/v2\/types\/product"}],"wp:featuredmedia":[{"embeddable":true,"href":"https:\/\/agroinco.com.bo\/website\/wp-json\/wp\/v2\/media\/11245"}],"wp:attachment":[{"href":"https:\/\/agroinco.com.bo\/website\/wp-json\/wp\/v2\/media?parent=11244"}],"wp:term":[{"taxonomy":"product_brand","embeddable":true,"href":"https:\/\/agroinco.com.bo\/website\/wp-json\/wp\/v2\/product_brand?post=11244"},{"taxonomy":"product_cat","embeddable":true,"href":"https:\/\/agroinco.com.bo\/website\/wp-json\/wp\/v2\/product_cat?post=11244"},{"taxonomy":"product_tag","embeddable":true,"href":"https:\/\/agroinco.com.bo\/website\/wp-json\/wp\/v2\/product_tag?post=11244"}],"curies":[{"name":"wp","href":"https:\/\/api.w.org\/{rel}","templated":true}]}}