{"id":11250,"date":"2026-02-12T16:18:16","date_gmt":"2026-02-12T15:18:16","guid":{"rendered":"https:\/\/agroinco.com.bo\/website\/?post_type=product&#038;p=11250"},"modified":"2026-02-12T16:18:16","modified_gmt":"2026-02-12T15:18:16","slug":"zapapico-cultivo-55-lbs","status":"publish","type":"product","link":"https:\/\/agroinco.com.bo\/website\/producto\/zapapico-cultivo-55-lbs\/","title":{"rendered":"ZAPAPICO CULTIVO 5,5 LBS"},"content":{"rendered":"<div class=\"wpb-content-wrapper\"><p>[vc_row][vc_column][vc_column_text css=\u00bb\u00bb woodmart_inline=\u00bbno\u00bb text_larger=\u00bbno\u00bb]Referencia: 08310955<\/p>\n<p>Forjado en una sola pieza en acero de alto carbono, son tratados t\u00e9rmicamente con temple y revenido garantizando un menor desgaste y mayor resistencia en ambos extremos. Son resistentes a la flexi\u00f3n, tracci\u00f3n, torsi\u00f3n e impacto. \u00a0Esta herramienta es ideal para el trabajo en el sector agr\u00edcola y minero, para demolici\u00f3n de piedra y hacer zanjas.<\/p>\n<p>Largo total: 538 mm<\/p>\n<p>Pala: 293 mm<\/p>\n<p>Punta: 170 mm<\/p>\n<p>Ancho Pala: 106 mm<\/p>\n<p>Recomendaciones<\/p>\n<p>Usar elementos de protecci\u00f3n personal[\/vc_column_text][\/vc_column][\/vc_row]<\/p>\n<\/div>","protected":false},"excerpt":{"rendered":"<p>[vc_row][vc_column][vc_column_text css=\u00bb\u00bb woodmart_inline=\u00bbno\u00bb text_larger=\u00bbno\u00bb]Referencia: 08310955 Forjado en una sola pieza en acero de alto carbono, son tratados t\u00e9rmicamente con temple<\/p>\n","protected":false},"featured_media":11251,"template":"","meta":[],"product_brand":[],"product_cat":[97],"product_tag":[546,547,548,549],"class_list":{"0":"post-11250","1":"product","2":"type-product","3":"status-publish","4":"has-post-thumbnail","6":"product_cat-picos-y-azadon","7":"product_tag-demolicion","8":"product_tag-picos","9":"product_tag-piedras","10":"product_tag-zanjas","12":"first","13":"instock","14":"shipping-taxable","15":"product-type-simple"},"_links":{"self":[{"href":"https:\/\/agroinco.com.bo\/website\/wp-json\/wp\/v2\/product\/11250","targetHints":{"allow":["GET"]}}],"collection":[{"href":"https:\/\/agroinco.com.bo\/website\/wp-json\/wp\/v2\/product"}],"about":[{"href":"https:\/\/agroinco.com.bo\/website\/wp-json\/wp\/v2\/types\/product"}],"wp:featuredmedia":[{"embeddable":true,"href":"https:\/\/agroinco.com.bo\/website\/wp-json\/wp\/v2\/media\/11251"}],"wp:attachment":[{"href":"https:\/\/agroinco.com.bo\/website\/wp-json\/wp\/v2\/media?parent=11250"}],"wp:term":[{"taxonomy":"product_brand","embeddable":true,"href":"https:\/\/agroinco.com.bo\/website\/wp-json\/wp\/v2\/product_brand?post=11250"},{"taxonomy":"product_cat","embeddable":true,"href":"https:\/\/agroinco.com.bo\/website\/wp-json\/wp\/v2\/product_cat?post=11250"},{"taxonomy":"product_tag","embeddable":true,"href":"https:\/\/agroinco.com.bo\/website\/wp-json\/wp\/v2\/product_tag?post=11250"}],"curies":[{"name":"wp","href":"https:\/\/api.w.org\/{rel}","templated":true}]}}