{"id":11263,"date":"2026-02-12T16:35:29","date_gmt":"2026-02-12T15:35:29","guid":{"rendered":"https:\/\/agroinco.com.bo\/website\/?post_type=product&#038;p=11263"},"modified":"2026-02-12T16:35:29","modified_gmt":"2026-02-12T15:35:29","slug":"segueta-12-18-ddp","status":"publish","type":"product","link":"https:\/\/agroinco.com.bo\/website\/producto\/segueta-12-18-ddp\/","title":{"rendered":"SEGUETA 12 18 DDP"},"content":{"rendered":"<div class=\"wpb-content-wrapper\"><p>[vc_row][vc_column][vc_column_text css=\u00bb\u00bb woodmart_inline=\u00bbno\u00bb text_larger=\u00bbno\u00bb]Referencia color amarillo: 41121818<\/p>\n<p>Referencia color rojo: 41122018<\/p>\n<p>Fabricadas en acero de alto carbono en el cuerpo y acero r\u00e1pido (HSS) en la zona de corte, con tratamiento t\u00e9rmico que optimiza el desempe\u00f1o y la durabilidad del corte Hoja de sierra semirr\u00edgida, irrompible durante el uso y a prueba de astillamiento M\u00e1s corte, m\u00e1s rendimiento y m\u00e1s duraci\u00f3n<\/p>\n<p>Recomendaciones<\/p>\n<p>Usar elementos de protecci\u00f3n personal<\/p>\n<p>Dimensiones<\/p>\n<p>18T-12\u201d \/305 mm<\/p>\n<p>Colores: rojo y amarilla[\/vc_column_text][\/vc_column][\/vc_row]<\/p>\n<\/div>","protected":false},"excerpt":{"rendered":"<p>Segueta 12 18 DDP<\/p>\n","protected":false},"featured_media":11264,"template":"","meta":[],"product_brand":[],"product_cat":[95],"product_tag":[514,231,559,560],"class_list":{"0":"post-11263","1":"product","2":"type-product","3":"status-publish","4":"has-post-thumbnail","6":"product_cat-limas-y-seguetas","7":"product_tag-construccion","8":"product_tag-corte","9":"product_tag-segueta","10":"product_tag-sierra","12":"first","13":"instock","14":"shipping-taxable","15":"product-type-simple"},"_links":{"self":[{"href":"https:\/\/agroinco.com.bo\/website\/wp-json\/wp\/v2\/product\/11263","targetHints":{"allow":["GET"]}}],"collection":[{"href":"https:\/\/agroinco.com.bo\/website\/wp-json\/wp\/v2\/product"}],"about":[{"href":"https:\/\/agroinco.com.bo\/website\/wp-json\/wp\/v2\/types\/product"}],"wp:featuredmedia":[{"embeddable":true,"href":"https:\/\/agroinco.com.bo\/website\/wp-json\/wp\/v2\/media\/11264"}],"wp:attachment":[{"href":"https:\/\/agroinco.com.bo\/website\/wp-json\/wp\/v2\/media?parent=11263"}],"wp:term":[{"taxonomy":"product_brand","embeddable":true,"href":"https:\/\/agroinco.com.bo\/website\/wp-json\/wp\/v2\/product_brand?post=11263"},{"taxonomy":"product_cat","embeddable":true,"href":"https:\/\/agroinco.com.bo\/website\/wp-json\/wp\/v2\/product_cat?post=11263"},{"taxonomy":"product_tag","embeddable":true,"href":"https:\/\/agroinco.com.bo\/website\/wp-json\/wp\/v2\/product_tag?post=11263"}],"curies":[{"name":"wp","href":"https:\/\/api.w.org\/{rel}","templated":true}]}}