{"id":11274,"date":"2026-02-12T16:52:23","date_gmt":"2026-02-12T15:52:23","guid":{"rendered":"https:\/\/agroinco.com.bo\/website\/?post_type=product&#038;p=11274"},"modified":"2026-02-12T16:52:23","modified_gmt":"2026-02-12T15:52:23","slug":"barreton-ref3167-1-1-4-forjad","status":"publish","type":"product","link":"https:\/\/agroinco.com.bo\/website\/producto\/barreton-ref3167-1-1-4-forjad\/","title":{"rendered":"BARRETON REF:3167-1 1\/4 FORJAD"},"content":{"rendered":"<div class=\"wpb-content-wrapper\"><p>[vc_row][vc_column][vc_column_text css=\u00bb\u00bb woodmart_inline=\u00bbno\u00bb text_larger=\u00bbno\u00bb]Referencia: 02316713<\/p>\n<p>Dimensiones: Ancho 50 mm x Alto 252 mm<\/p>\n<p>Forjado en una sola pieza en acero de alto carbono, es resistente a la flexi\u00f3n, tracci\u00f3n, torsi\u00f3n e impacto. Lleva soldadura en el v\u00e1stago para evitar que el barret\u00f3n se abra al hacer palanca (cierre completo del v\u00e1stago).<\/p>\n<p>Usos<\/p>\n<p>Es una herramienta muy \u00fatil en el sector agr\u00edcola para sembrar, cavar, hoyar y podar.<\/p>\n<p>Ideal para abrir huecos para la siembra de \u00e1rboles frutales y maderables, en algunas regiones es usado para la siembra de ma\u00edz, trigo y arroz.<\/p>\n<p>En el sector construcci\u00f3n es ideal para romper y levantar pisos.<\/p>\n<p>Recomendaciones<\/p>\n<p>Usar elementos de protecci\u00f3n personal[\/vc_column_text][\/vc_column][\/vc_row]<\/p>\n<\/div>","protected":false},"excerpt":{"rendered":"<p>Barreton Forjado 3167 De 1,3 Lb<\/p>\n","protected":false},"featured_media":11272,"template":"","meta":[],"product_brand":[],"product_cat":[94],"product_tag":[567,568,514,570,259],"class_list":{"0":"post-11274","1":"product","2":"type-product","3":"status-publish","4":"has-post-thumbnail","6":"product_cat-hachas-y-barretones","7":"product_tag-agricultura","8":"product_tag-cavar","9":"product_tag-construccion","10":"product_tag-pisos","11":"product_tag-siembra","13":"first","14":"instock","15":"shipping-taxable","16":"product-type-simple"},"_links":{"self":[{"href":"https:\/\/agroinco.com.bo\/website\/wp-json\/wp\/v2\/product\/11274","targetHints":{"allow":["GET"]}}],"collection":[{"href":"https:\/\/agroinco.com.bo\/website\/wp-json\/wp\/v2\/product"}],"about":[{"href":"https:\/\/agroinco.com.bo\/website\/wp-json\/wp\/v2\/types\/product"}],"wp:featuredmedia":[{"embeddable":true,"href":"https:\/\/agroinco.com.bo\/website\/wp-json\/wp\/v2\/media\/11272"}],"wp:attachment":[{"href":"https:\/\/agroinco.com.bo\/website\/wp-json\/wp\/v2\/media?parent=11274"}],"wp:term":[{"taxonomy":"product_brand","embeddable":true,"href":"https:\/\/agroinco.com.bo\/website\/wp-json\/wp\/v2\/product_brand?post=11274"},{"taxonomy":"product_cat","embeddable":true,"href":"https:\/\/agroinco.com.bo\/website\/wp-json\/wp\/v2\/product_cat?post=11274"},{"taxonomy":"product_tag","embeddable":true,"href":"https:\/\/agroinco.com.bo\/website\/wp-json\/wp\/v2\/product_tag?post=11274"}],"curies":[{"name":"wp","href":"https:\/\/api.w.org\/{rel}","templated":true}]}}