{"id":11282,"date":"2026-02-12T16:59:55","date_gmt":"2026-02-12T15:59:55","guid":{"rendered":"https:\/\/agroinco.com.bo\/website\/?post_type=product&#038;p=11282"},"modified":"2026-02-12T16:59:55","modified_gmt":"2026-02-12T15:59:55","slug":"paladraga-ref-5408-11-cal13-cabo-redondo","status":"publish","type":"product","link":"https:\/\/agroinco.com.bo\/website\/producto\/paladraga-ref-5408-11-cal13-cabo-redondo\/","title":{"rendered":"PALADRAGA REF 5408-11 CAL13 CABO REDONDO"},"content":{"rendered":"<div class=\"wpb-content-wrapper\"><p>[vc_row][vc_column][vc_column_text css=\u00bb\u00bb woodmart_inline=\u00bbno\u00bb text_larger=\u00bbno\u00bb]Referencia: 05540811<\/p>\n<p>La\u00a0paladraga HERRAGRO, hace parte de la familia de las herramientas manuales y sirve para realizar huecos en el suelo blando para hacer instalaciones de postes y cercas o excavaciones muy profundas en el sector agr\u00edcola.<\/p>\n<p>Dentro de su dise\u00f1o cuenta con dos hojas en material de carbono que brinda flexibilidad y dureza; adem\u00e1s, tiene dos palos de madera y tornillos de sujeci\u00f3n. Es de alta densidad y es apta para trabajar donde hay humedad inferior al 15%.<\/p>\n<p>La\u00a0paladraga HERRAGRO,\u00a0es una herramienta resistente a la tracci\u00f3n, torsi\u00f3n e impacto.<\/p>\n<p>caracter\u00edsticas:<\/p>\n<ul>\n<li>Estampadas en acero de alto carbono.<\/li>\n<li>Perfectas en el \u00e1ngulo de encabadoque.<\/li>\n<li>Tratadas t\u00e9rmicamente con temple y revenido.<\/li>\n<li>Resistentes a la flexi\u00f3n, tracci\u00f3n, torsi\u00f3n e impacto.<\/li>\n<li>Cabos fabricados en polipropileno de alto impacto o en madera de alta densidad.<\/li>\n<\/ul>\n<p>Dimensiones<\/p>\n<table>\n<tbody>\n<tr>\n<td width=\"142\"><strong>Alto<\/strong><\/td>\n<td width=\"142\"><strong>Ancho<\/strong><\/td>\n<td width=\"142\"><strong>Longitud de cabo<\/strong><\/td>\n<td width=\"142\"><strong>Espesor<\/strong><\/td>\n<\/tr>\n<tr>\n<td width=\"142\">355 mm<\/td>\n<td width=\"142\">139 mm<\/td>\n<td width=\"142\">1575 mm<\/td>\n<td width=\"142\">2.3 mm<\/td>\n<\/tr>\n<\/tbody>\n<\/table>\n<p>[\/vc_column_text][\/vc_column][\/vc_row]<\/p>\n<\/div>","protected":false},"excerpt":{"rendered":"<p>[vc_row][vc_column][vc_column_text css=\u00bb\u00bb woodmart_inline=\u00bbno\u00bb text_larger=\u00bbno\u00bb]Referencia: 05540811 La\u00a0paladraga HERRAGRO, hace parte de la familia de las herramientas manuales y sirve para realizar<\/p>\n","protected":false},"featured_media":11283,"template":"","meta":[],"product_brand":[],"product_cat":[96],"product_tag":[574,575,576,577,572,578],"class_list":{"0":"post-11282","1":"product","2":"type-product","3":"status-publish","4":"has-post-thumbnail","6":"product_cat-palas","7":"product_tag-cercas","8":"product_tag-excabacion-agricola","9":"product_tag-excabaciones","10":"product_tag-instalacion-postes","11":"product_tag-pala","12":"product_tag-paladraga","14":"first","15":"instock","16":"shipping-taxable","17":"product-type-simple"},"_links":{"self":[{"href":"https:\/\/agroinco.com.bo\/website\/wp-json\/wp\/v2\/product\/11282","targetHints":{"allow":["GET"]}}],"collection":[{"href":"https:\/\/agroinco.com.bo\/website\/wp-json\/wp\/v2\/product"}],"about":[{"href":"https:\/\/agroinco.com.bo\/website\/wp-json\/wp\/v2\/types\/product"}],"wp:featuredmedia":[{"embeddable":true,"href":"https:\/\/agroinco.com.bo\/website\/wp-json\/wp\/v2\/media\/11283"}],"wp:attachment":[{"href":"https:\/\/agroinco.com.bo\/website\/wp-json\/wp\/v2\/media?parent=11282"}],"wp:term":[{"taxonomy":"product_brand","embeddable":true,"href":"https:\/\/agroinco.com.bo\/website\/wp-json\/wp\/v2\/product_brand?post=11282"},{"taxonomy":"product_cat","embeddable":true,"href":"https:\/\/agroinco.com.bo\/website\/wp-json\/wp\/v2\/product_cat?post=11282"},{"taxonomy":"product_tag","embeddable":true,"href":"https:\/\/agroinco.com.bo\/website\/wp-json\/wp\/v2\/product_tag?post=11282"}],"curies":[{"name":"wp","href":"https:\/\/api.w.org\/{rel}","templated":true}]}}