{"id":11313,"date":"2026-02-12T20:34:33","date_gmt":"2026-02-12T19:34:33","guid":{"rendered":"https:\/\/agroinco.com.bo\/website\/?post_type=product&#038;p=11313"},"modified":"2026-02-12T20:34:33","modified_gmt":"2026-02-12T19:34:33","slug":"broca-concreto-1-4-x-4-granel-6","status":"publish","type":"product","link":"https:\/\/agroinco.com.bo\/website\/producto\/broca-concreto-1-4-x-4-granel-6\/","title":{"rendered":"BROCA CONCRETO 1\/4 x 4 GRANEL (6)"},"content":{"rendered":"<div class=\"wpb-content-wrapper\"><p>[vc_row][vc_column][vc_column_text css=\u00bb\u00bb woodmart_inline=\u00bbno\u00bb text_larger=\u00bbno\u00bb]Referencia: 75752404<\/p>\n<p>Punto con inserto con carburo de tungsteno con elevada dureza y resistencia a la abrasi\u00f3n, permite cortes en concreto m\u00e1s limpios y mayor durabilidad del filo y la broca.<\/p>\n<p>Dise\u00f1o de h\u00e9lice amplia, que permite mayor evacuaci\u00f3n del material residual al exterior de la perforaci\u00f3n, evitando recalentamiento.<\/p>\n<p>Cuerpo de acero grado ingenier\u00eda que permite mayor resistencia al desgaste.<\/p>\n<p>Empaque pl\u00e1stico a granel, para exposici\u00f3n en exhibidores o venta individual sin empaque.<\/p>\n<p>Dimensiones<\/p>\n<table>\n<tbody>\n<tr>\n<td width=\"199\"><strong>Di\u00e1metro<\/strong><\/td>\n<td width=\"190\"><strong>Largo<\/strong><\/td>\n<td width=\"177\"><strong>N\u00famero<\/strong><\/td>\n<\/tr>\n<tr>\n<td width=\"199\">\u00bc\u201d<\/td>\n<td width=\"190\">4\u201d<\/td>\n<td width=\"177\">N\u00b06<\/td>\n<\/tr>\n<\/tbody>\n<\/table>\n<p>[\/vc_column_text][\/vc_column][\/vc_row]<\/p>\n<\/div>","protected":false},"excerpt":{"rendered":"<p>Broca Concreto 1\/4 x 4 Granel (6)<\/p>\n","protected":false},"featured_media":11310,"template":"","meta":[],"product_brand":[],"product_cat":[93],"product_tag":[589,586,514],"class_list":{"0":"post-11313","1":"product","2":"type-product","3":"status-publish","4":"has-post-thumbnail","6":"product_cat-discos-de-corte-y-brocas","7":"product_tag-broca","8":"product_tag-brocas","9":"product_tag-construccion","11":"first","12":"instock","13":"shipping-taxable","14":"product-type-simple"},"_links":{"self":[{"href":"https:\/\/agroinco.com.bo\/website\/wp-json\/wp\/v2\/product\/11313","targetHints":{"allow":["GET"]}}],"collection":[{"href":"https:\/\/agroinco.com.bo\/website\/wp-json\/wp\/v2\/product"}],"about":[{"href":"https:\/\/agroinco.com.bo\/website\/wp-json\/wp\/v2\/types\/product"}],"wp:featuredmedia":[{"embeddable":true,"href":"https:\/\/agroinco.com.bo\/website\/wp-json\/wp\/v2\/media\/11310"}],"wp:attachment":[{"href":"https:\/\/agroinco.com.bo\/website\/wp-json\/wp\/v2\/media?parent=11313"}],"wp:term":[{"taxonomy":"product_brand","embeddable":true,"href":"https:\/\/agroinco.com.bo\/website\/wp-json\/wp\/v2\/product_brand?post=11313"},{"taxonomy":"product_cat","embeddable":true,"href":"https:\/\/agroinco.com.bo\/website\/wp-json\/wp\/v2\/product_cat?post=11313"},{"taxonomy":"product_tag","embeddable":true,"href":"https:\/\/agroinco.com.bo\/website\/wp-json\/wp\/v2\/product_tag?post=11313"}],"curies":[{"name":"wp","href":"https:\/\/api.w.org\/{rel}","templated":true}]}}