{"id":11314,"date":"2026-02-12T20:36:10","date_gmt":"2026-02-12T19:36:10","guid":{"rendered":"https:\/\/agroinco.com.bo\/website\/?post_type=product&#038;p=11314"},"modified":"2026-02-12T20:36:10","modified_gmt":"2026-02-12T19:36:10","slug":"martillo-pulido-mango-fibra-de-vidrio-de-27-mm","status":"publish","type":"product","link":"https:\/\/agroinco.com.bo\/website\/producto\/martillo-pulido-mango-fibra-de-vidrio-de-27-mm\/","title":{"rendered":"MARTILLO PULIDO MANGO FIBRA DE VIDRIO DE 27 MM"},"content":{"rendered":"<div class=\"wpb-content-wrapper\"><p>[vc_row][vc_column][vc_column_text css=\u00bb\u00bb woodmart_inline=\u00bbno\u00bb text_larger=\u00bbno\u00bb]Referencia: 75150227<\/p>\n<p>Dimensi\u00f3n: 27 mm<\/p>\n<p>Peso de cabeza: 16 oz<\/p>\n<p>Herramienta forjada en acero de alto carbono con doble tratamiento t\u00e9rmico.<\/p>\n<p>Cabeza pulida con recubrimiento superficial para ofrecer presentaci\u00f3n \u00f3ptima y protecci\u00f3n a la oxidaci\u00f3n.<\/p>\n<p>Cabo de fibra de vidrio con recubrimiento bimaterial, para mayor ergonom\u00eda y resistencia a condiciones extremas (humedad, oxidaci\u00f3n).<\/p>\n<p>Recomendaciones<\/p>\n<p>Usar elementos de protecci\u00f3n personal[\/vc_column_text][\/vc_column][\/vc_row]<\/p>\n<\/div>","protected":false},"excerpt":{"rendered":"<p>Martillo Pulido Mango Fibra de Vidrio de 27 Mm<\/p>\n","protected":false},"featured_media":11315,"template":"","meta":[],"product_brand":[],"product_cat":[91],"product_tag":[514,515,200,516],"class_list":{"0":"post-11314","1":"product","2":"type-product","3":"status-publish","4":"has-post-thumbnail","6":"product_cat-combos-y-martillos","7":"product_tag-construccion","8":"product_tag-herragro","9":"product_tag-herramientas","10":"product_tag-martillos","12":"first","13":"instock","14":"shipping-taxable","15":"product-type-simple"},"_links":{"self":[{"href":"https:\/\/agroinco.com.bo\/website\/wp-json\/wp\/v2\/product\/11314","targetHints":{"allow":["GET"]}}],"collection":[{"href":"https:\/\/agroinco.com.bo\/website\/wp-json\/wp\/v2\/product"}],"about":[{"href":"https:\/\/agroinco.com.bo\/website\/wp-json\/wp\/v2\/types\/product"}],"wp:featuredmedia":[{"embeddable":true,"href":"https:\/\/agroinco.com.bo\/website\/wp-json\/wp\/v2\/media\/11315"}],"wp:attachment":[{"href":"https:\/\/agroinco.com.bo\/website\/wp-json\/wp\/v2\/media?parent=11314"}],"wp:term":[{"taxonomy":"product_brand","embeddable":true,"href":"https:\/\/agroinco.com.bo\/website\/wp-json\/wp\/v2\/product_brand?post=11314"},{"taxonomy":"product_cat","embeddable":true,"href":"https:\/\/agroinco.com.bo\/website\/wp-json\/wp\/v2\/product_cat?post=11314"},{"taxonomy":"product_tag","embeddable":true,"href":"https:\/\/agroinco.com.bo\/website\/wp-json\/wp\/v2\/product_tag?post=11314"}],"curies":[{"name":"wp","href":"https:\/\/api.w.org\/{rel}","templated":true}]}}