{"id":11318,"date":"2026-02-12T20:39:24","date_gmt":"2026-02-12T19:39:24","guid":{"rendered":"https:\/\/agroinco.com.bo\/website\/?post_type=product&#038;p=11318"},"modified":"2026-02-12T20:39:24","modified_gmt":"2026-02-12T19:39:24","slug":"combo-forjado-de-22-lb-con-cabo-madera","status":"publish","type":"product","link":"https:\/\/agroinco.com.bo\/website\/producto\/combo-forjado-de-22-lb-con-cabo-madera\/","title":{"rendered":"COMBO FORJADO DE 22 LB CON CABO MADERA"},"content":{"rendered":"<div class=\"wpb-content-wrapper\"><p>[vc_row][vc_column][vc_column_text css=\u00bb\u00bb woodmart_inline=\u00bbno\u00bb text_larger=\u00bbno\u00bb]Referencia: 04152122<\/p>\n<p>Dimensiones: Ancho 82 mm x Alto 82 mm<\/p>\n<p>Longitud del cabo: 890 mm<\/p>\n<p>Longitud de cabeza: 235 mm<\/p>\n<p>Forjada en una sola pieza en acero de alto carbono SAE 1045.<\/p>\n<p>Dureza garantizada hasta el n\u00facleo gracias al tratamiento t\u00e9rmico con temple y revenido que evita la deformaci\u00f3n prematura y genera<\/p>\n<p>un menor desgaste en la herramienta.<\/p>\n<p>Caras de golpe pulidas, resistentes al impacto con mayor firmeza en la zona central disminuyendo las vibraciones a trav\u00e9s del cabo.<\/p>\n<p>Cabeza octagonal.<\/p>\n<p>Usos<\/p>\n<p>En el sector construcci\u00f3n es ideal para labores de demolici\u00f3n, rompimiento de concreto y para martillar, golpear o clavar objetos que<\/p>\n<p>requieran de un fuerte impacto.<\/p>\n<p>Recomendaciones<\/p>\n<p>Usar elementos de protecci\u00f3n personal[\/vc_column_text][\/vc_column][\/vc_row]<\/p>\n<\/div>","protected":false},"excerpt":{"rendered":"<p>Almadana Forjada de 22 Lb con Cabo Madera<\/p>\n","protected":false},"featured_media":11319,"template":"","meta":[],"product_brand":[],"product_cat":[91],"product_tag":[590,591,514,200],"class_list":{"0":"post-11318","1":"product","2":"type-product","3":"status-publish","4":"has-post-thumbnail","6":"product_cat-combos-y-martillos","7":"product_tag-almadanas","8":"product_tag-combos","9":"product_tag-construccion","10":"product_tag-herramientas","12":"first","13":"instock","14":"shipping-taxable","15":"product-type-simple"},"_links":{"self":[{"href":"https:\/\/agroinco.com.bo\/website\/wp-json\/wp\/v2\/product\/11318","targetHints":{"allow":["GET"]}}],"collection":[{"href":"https:\/\/agroinco.com.bo\/website\/wp-json\/wp\/v2\/product"}],"about":[{"href":"https:\/\/agroinco.com.bo\/website\/wp-json\/wp\/v2\/types\/product"}],"wp:featuredmedia":[{"embeddable":true,"href":"https:\/\/agroinco.com.bo\/website\/wp-json\/wp\/v2\/media\/11319"}],"wp:attachment":[{"href":"https:\/\/agroinco.com.bo\/website\/wp-json\/wp\/v2\/media?parent=11318"}],"wp:term":[{"taxonomy":"product_brand","embeddable":true,"href":"https:\/\/agroinco.com.bo\/website\/wp-json\/wp\/v2\/product_brand?post=11318"},{"taxonomy":"product_cat","embeddable":true,"href":"https:\/\/agroinco.com.bo\/website\/wp-json\/wp\/v2\/product_cat?post=11318"},{"taxonomy":"product_tag","embeddable":true,"href":"https:\/\/agroinco.com.bo\/website\/wp-json\/wp\/v2\/product_tag?post=11318"}],"curies":[{"name":"wp","href":"https:\/\/api.w.org\/{rel}","templated":true}]}}