{"id":11350,"date":"2026-03-27T18:46:16","date_gmt":"2026-03-27T17:46:16","guid":{"rendered":"https:\/\/agroinco.com.bo\/website\/?post_type=product&#038;p=11350"},"modified":"2026-03-27T20:00:36","modified_gmt":"2026-03-27T19:00:36","slug":"elixir","status":"publish","type":"product","link":"https:\/\/agroinco.com.bo\/website\/producto\/elixir\/","title":{"rendered":"ELIXIR"},"content":{"rendered":"<div class=\"wpb-content-wrapper\"><p>[vc_row][vc_column][vc_column_text css=\u00bb\u00bb woodmart_inline=\u00bbno\u00bb text_larger=\u00bbno\u00bb]<strong>Elixir<\/strong> es un bioestimulante que en combinaci\u00f3n con diferentes grupos vitam\u00ednicos y az\u00facares naturales, permiten alcanzar los niveles m\u00e1s exigentes de brotaci\u00f3n, floraci\u00f3n y desarrollo de frutos. Gracias a la tecnolog\u00eda de extracci\u00f3n en fr\u00edo de algas, conservan mejor sus contenidos en carbohidratos, amino\u00e1cidos y fitohormonas, manteniendo sus propiedades bioestimulantes intactas.<\/p>\n<p>Presentaciones: 250 cc &#8211; 1 L &#8211; 20 L[\/vc_column_text]<div id=\"wd-69c6d34b17f27\" class=\" wd-rs-69c6d34b17f27 vc_custom_1774637974459 wd-button-wrapper text-center\"><a href=\"https:\/\/agroinco.com.bo\/website\/wp-content\/uploads\/2026\/03\/Ficha-Tecnica-ELIXIR.pdf\" title=\"\" target=\"_blank\" class=\"btn btn-style-3d btn-shape-rectangle btn-size-default\">DESCARGAR PDF<\/a><\/div>[\/vc_column][\/vc_row]<\/p>\n<\/div>","protected":false},"excerpt":{"rendered":"<p>Bioestimulante producido a partir de algas (ascophyllium nodosum)<\/p>\n","protected":false},"featured_media":11341,"template":"","meta":[],"product_brand":[],"product_cat":[85],"product_tag":[598,597,412,539,243,291,241,428,287,292],"class_list":{"0":"post-11350","1":"product","2":"type-product","3":"status-publish","4":"has-post-thumbnail","6":"product_cat-fertilizantes-bioestimulantes","7":"product_tag-algas","8":"product_tag-arroz","9":"product_tag-bioestimulante","10":"product_tag-frutales","11":"product_tag-girasol","12":"product_tag-hortalizas","13":"product_tag-maiz","14":"product_tag-sorgo","15":"product_tag-soya","16":"product_tag-trigo","18":"first","19":"instock","20":"shipping-taxable","21":"product-type-simple"},"_links":{"self":[{"href":"https:\/\/agroinco.com.bo\/website\/wp-json\/wp\/v2\/product\/11350","targetHints":{"allow":["GET"]}}],"collection":[{"href":"https:\/\/agroinco.com.bo\/website\/wp-json\/wp\/v2\/product"}],"about":[{"href":"https:\/\/agroinco.com.bo\/website\/wp-json\/wp\/v2\/types\/product"}],"wp:featuredmedia":[{"embeddable":true,"href":"https:\/\/agroinco.com.bo\/website\/wp-json\/wp\/v2\/media\/11341"}],"wp:attachment":[{"href":"https:\/\/agroinco.com.bo\/website\/wp-json\/wp\/v2\/media?parent=11350"}],"wp:term":[{"taxonomy":"product_brand","embeddable":true,"href":"https:\/\/agroinco.com.bo\/website\/wp-json\/wp\/v2\/product_brand?post=11350"},{"taxonomy":"product_cat","embeddable":true,"href":"https:\/\/agroinco.com.bo\/website\/wp-json\/wp\/v2\/product_cat?post=11350"},{"taxonomy":"product_tag","embeddable":true,"href":"https:\/\/agroinco.com.bo\/website\/wp-json\/wp\/v2\/product_tag?post=11350"}],"curies":[{"name":"wp","href":"https:\/\/api.w.org\/{rel}","templated":true}]}}