{"id":11368,"date":"2026-03-27T22:51:35","date_gmt":"2026-03-27T21:51:35","guid":{"rendered":"https:\/\/agroinco.com.bo\/website\/?post_type=product&#038;p=11368"},"modified":"2026-03-27T22:51:35","modified_gmt":"2026-03-27T21:51:35","slug":"chai-rosa-mosqueta-canela-y-especias-x10-saquitos","status":"publish","type":"product","link":"https:\/\/agroinco.com.bo\/website\/producto\/chai-rosa-mosqueta-canela-y-especias-x10-saquitos\/","title":{"rendered":"CHAI, ROSA MOSQUETA, CANELA Y ESPECIAS x10 SAQUITOS"},"content":{"rendered":"<div class=\"wpb-content-wrapper\"><p>[vc_row][vc_column][vc_column_text css=\u00bb\u00bb woodmart_inline=\u00bbno\u00bb text_larger=\u00bbno\u00bb]<strong>Disfrute saboreando este ex\u00f3tico e intenso blend con notas de canela, clavo y cardamomo amalgamadas al delicado perfume de la rosa mosqueta. Esta robusta combinaci\u00f3n de aromas y sabores especiados evoca al afamado Masala Chai, una cl\u00e1sica bebida hind\u00fa que se prefiere habitualmente dulce y con el agregado de leche fresca.<\/strong>[\/vc_column_text][\/vc_column][\/vc_row]<\/p>\n<\/div>","protected":false},"excerpt":{"rendered":"<p>[vc_row][vc_column][vc_column_text css=\u00bb\u00bb woodmart_inline=\u00bbno\u00bb text_larger=\u00bbno\u00bb]Disfrute saboreando este ex\u00f3tico e intenso blend con notas de canela, clavo y cardamomo amalgamadas al delicado<\/p>\n","protected":false},"featured_media":11362,"template":"","meta":[],"product_brand":[],"product_cat":[80],"product_tag":[607,501,608,510],"class_list":{"0":"post-11368","1":"product","2":"type-product","3":"status-publish","4":"has-post-thumbnail","6":"product_cat-productos-alimenticios","7":"product_tag-chai","8":"product_tag-infusiones","9":"product_tag-saint-gotta","10":"product_tag-te","12":"first","13":"instock","14":"shipping-taxable","15":"product-type-simple"},"_links":{"self":[{"href":"https:\/\/agroinco.com.bo\/website\/wp-json\/wp\/v2\/product\/11368","targetHints":{"allow":["GET"]}}],"collection":[{"href":"https:\/\/agroinco.com.bo\/website\/wp-json\/wp\/v2\/product"}],"about":[{"href":"https:\/\/agroinco.com.bo\/website\/wp-json\/wp\/v2\/types\/product"}],"wp:featuredmedia":[{"embeddable":true,"href":"https:\/\/agroinco.com.bo\/website\/wp-json\/wp\/v2\/media\/11362"}],"wp:attachment":[{"href":"https:\/\/agroinco.com.bo\/website\/wp-json\/wp\/v2\/media?parent=11368"}],"wp:term":[{"taxonomy":"product_brand","embeddable":true,"href":"https:\/\/agroinco.com.bo\/website\/wp-json\/wp\/v2\/product_brand?post=11368"},{"taxonomy":"product_cat","embeddable":true,"href":"https:\/\/agroinco.com.bo\/website\/wp-json\/wp\/v2\/product_cat?post=11368"},{"taxonomy":"product_tag","embeddable":true,"href":"https:\/\/agroinco.com.bo\/website\/wp-json\/wp\/v2\/product_tag?post=11368"}],"curies":[{"name":"wp","href":"https:\/\/api.w.org\/{rel}","templated":true}]}}