{"id":11369,"date":"2026-03-27T22:53:26","date_gmt":"2026-03-27T21:53:26","guid":{"rendered":"https:\/\/agroinco.com.bo\/website\/?post_type=product&#038;p=11369"},"modified":"2026-03-27T22:53:26","modified_gmt":"2026-03-27T21:53:26","slug":"matcha-menta-y-limon-x10-saquitos","status":"publish","type":"product","link":"https:\/\/agroinco.com.bo\/website\/producto\/matcha-menta-y-limon-x10-saquitos\/","title":{"rendered":"MATCHA, MENTA y LIM\u00d3N x10 SAQUITOS"},"content":{"rendered":"<div class=\"wpb-content-wrapper\"><p>[vc_row][vc_column][vc_column_text css=\u00bb\u00bb woodmart_inline=\u00bbno\u00bb text_larger=\u00bbno\u00bb]<strong>Matcha es la variedad de t\u00e9 verde en polvo de la milenaria ceremonia japonesa del t\u00e9. Sus hojas intensamente verdes se cultivan a la sombra para aumentar el contenido de clorofila y amino\u00e1cidos. Esta seductora combinaci\u00f3n de notas c\u00edtricas, amalgama el complejo y atractivo sabor del t\u00e9 verde con matcha junto a la frescura de las hojas de menta con cascaritas de lim\u00f3n.<\/strong>[\/vc_column_text][\/vc_column][\/vc_row]<\/p>\n<\/div>","protected":false},"excerpt":{"rendered":"<p>[vc_row][vc_column][vc_column_text css=\u00bb\u00bb woodmart_inline=\u00bbno\u00bb text_larger=\u00bbno\u00bb]Matcha es la variedad de t\u00e9 verde en polvo de la milenaria ceremonia japonesa del t\u00e9. Sus<\/p>\n","protected":false},"featured_media":11363,"template":"","meta":[],"product_brand":[],"product_cat":[80],"product_tag":[505,609,501,493,510,496],"class_list":{"0":"post-11369","1":"product","2":"type-product","3":"status-publish","4":"has-post-thumbnail","6":"product_cat-productos-alimenticios","7":"product_tag-antioxidante","8":"product_tag-dieta","9":"product_tag-infusiones","10":"product_tag-matcha","11":"product_tag-te","12":"product_tag-te-verde","14":"first","15":"instock","16":"shipping-taxable","17":"product-type-simple"},"_links":{"self":[{"href":"https:\/\/agroinco.com.bo\/website\/wp-json\/wp\/v2\/product\/11369","targetHints":{"allow":["GET"]}}],"collection":[{"href":"https:\/\/agroinco.com.bo\/website\/wp-json\/wp\/v2\/product"}],"about":[{"href":"https:\/\/agroinco.com.bo\/website\/wp-json\/wp\/v2\/types\/product"}],"wp:featuredmedia":[{"embeddable":true,"href":"https:\/\/agroinco.com.bo\/website\/wp-json\/wp\/v2\/media\/11363"}],"wp:attachment":[{"href":"https:\/\/agroinco.com.bo\/website\/wp-json\/wp\/v2\/media?parent=11369"}],"wp:term":[{"taxonomy":"product_brand","embeddable":true,"href":"https:\/\/agroinco.com.bo\/website\/wp-json\/wp\/v2\/product_brand?post=11369"},{"taxonomy":"product_cat","embeddable":true,"href":"https:\/\/agroinco.com.bo\/website\/wp-json\/wp\/v2\/product_cat?post=11369"},{"taxonomy":"product_tag","embeddable":true,"href":"https:\/\/agroinco.com.bo\/website\/wp-json\/wp\/v2\/product_tag?post=11369"}],"curies":[{"name":"wp","href":"https:\/\/api.w.org\/{rel}","templated":true}]}}