{"id":11371,"date":"2026-03-27T22:57:49","date_gmt":"2026-03-27T21:57:49","guid":{"rendered":"https:\/\/agroinco.com.bo\/website\/?post_type=product&#038;p=11371"},"modified":"2026-03-27T22:57:49","modified_gmt":"2026-03-27T21:57:49","slug":"te-verde-x10-saquitos","status":"publish","type":"product","link":"https:\/\/agroinco.com.bo\/website\/producto\/te-verde-x10-saquitos\/","title":{"rendered":"TE VERDE x10 SAQUITOS"},"content":{"rendered":"<div class=\"wpb-content-wrapper\"><p>[vc_row][vc_column][vc_column_text css=\u00bb\u00bb woodmart_inline=\u00bbno\u00bb text_larger=\u00bbno\u00bb]<\/p>\n<div class=\"product attribute overview\">\n<div class=\"value\">\n<p><strong>Es una de las variedades de t\u00e9 m\u00e1s consumidas en China y Jap\u00f3n dado que en su composici\u00f3n, el t\u00e9 verde presenta m\u00e1s antioxidantes que el t\u00e9 negro. Sus hojas de color verde intenso brindan una infusi\u00f3n brillante, de sabor delicado y algo astringente.<\/strong><\/p>\n<\/div>\n<\/div>\n<div class=\"product-add-form\">\n<form id=\"product_addtocart_form\" action=\"https:\/\/www.saintgottard.com\/checkout\/cart\/add\/uenc\/aHR0cHM6Ly93d3cuc2FpbnRnb3R0YXJkLmNvbS90ZS12ZXJkZS14MTA~\/product\/306\/\" method=\"post\" novalidate=\"novalidate\" data-product-sku=\"T00678\">\n<div id=\"freeshipping-progress-container\"><\/div>\n<div class=\"box-tocart\">\n<div class=\"fieldset\">\n<div class=\"field qty\"><label class=\"label\" for=\"qty\">Cantidad<\/label><\/div>\n<\/div>\n<\/div>\n<\/form>\n<\/div>\n<p>[\/vc_column_text][\/vc_column][\/vc_row]<\/p>\n<\/div>","protected":false},"excerpt":{"rendered":"<p>[vc_row][vc_column][vc_column_text css=\u00bb\u00bb woodmart_inline=\u00bbno\u00bb text_larger=\u00bbno\u00bb] Es una de las variedades de t\u00e9 m\u00e1s consumidas en China y Jap\u00f3n dado que en<\/p>\n","protected":false},"featured_media":11364,"template":"","meta":[],"product_brand":[],"product_cat":[80],"product_tag":[505,604,496],"class_list":{"0":"post-11371","1":"product","2":"type-product","3":"status-publish","4":"has-post-thumbnail","6":"product_cat-productos-alimenticios","7":"product_tag-antioxidante","8":"product_tag-natural","9":"product_tag-te-verde","11":"first","12":"instock","13":"shipping-taxable","14":"product-type-simple"},"_links":{"self":[{"href":"https:\/\/agroinco.com.bo\/website\/wp-json\/wp\/v2\/product\/11371","targetHints":{"allow":["GET"]}}],"collection":[{"href":"https:\/\/agroinco.com.bo\/website\/wp-json\/wp\/v2\/product"}],"about":[{"href":"https:\/\/agroinco.com.bo\/website\/wp-json\/wp\/v2\/types\/product"}],"wp:featuredmedia":[{"embeddable":true,"href":"https:\/\/agroinco.com.bo\/website\/wp-json\/wp\/v2\/media\/11364"}],"wp:attachment":[{"href":"https:\/\/agroinco.com.bo\/website\/wp-json\/wp\/v2\/media?parent=11371"}],"wp:term":[{"taxonomy":"product_brand","embeddable":true,"href":"https:\/\/agroinco.com.bo\/website\/wp-json\/wp\/v2\/product_brand?post=11371"},{"taxonomy":"product_cat","embeddable":true,"href":"https:\/\/agroinco.com.bo\/website\/wp-json\/wp\/v2\/product_cat?post=11371"},{"taxonomy":"product_tag","embeddable":true,"href":"https:\/\/agroinco.com.bo\/website\/wp-json\/wp\/v2\/product_tag?post=11371"}],"curies":[{"name":"wp","href":"https:\/\/api.w.org\/{rel}","templated":true}]}}