{"id":11385,"date":"2026-03-28T01:10:18","date_gmt":"2026-03-28T00:10:18","guid":{"rendered":"https:\/\/agroinco.com.bo\/website\/?post_type=product&#038;p=11385"},"modified":"2026-03-28T01:10:18","modified_gmt":"2026-03-28T00:10:18","slug":"lampo-x-1-kg","status":"publish","type":"product","link":"https:\/\/agroinco.com.bo\/website\/producto\/lampo-x-1-kg\/","title":{"rendered":"LAMPO X 1 Kg."},"content":{"rendered":"<div class=\"wpb-content-wrapper\"><p>[vc_row][vc_column][vc_column_text css=\u00bb\u00bb woodmart_inline=\u00bbno\u00bb text_larger=\u00bbno\u00bb]LAMPO, es un insecticida-hormiguicida a base del ingrediente activo:Fipronil, de contacto e ingesti\u00f3n.<\/p>\n<p>Se aplica al suelo directamente de la bolsa o utilizando un elemento medidor (cuchara medidora), sin que haya contacto manual. Las aplicaciones deben realizarse cuando las condiciones sean favorables para la actividad de la hormiga, no debe aplicarse si no hay actividad en el hormiguero. Al tratarse de cebo granulado la exposici\u00f3n a la humedad perjudica la actividad del mismo, por lo tanto, se recomienda no aplicar sobre suelo h\u00famedo o ante riesgo de lluvia inmediata. Aplicar Lampo al costado del camino, sin interferir con la actividad del hormiguero. No contaminar el Lampo con la aplicaci\u00f3n de productos de fuerte olor como di\u00e9sel, aceite, plaguicidas, etc porque no resultar\u00e1 atractivo al hormiguero.<\/p>\n<p>Presentaci\u00f3n: 1 Kg.[\/vc_column_text]<div id=\"wd-69c71c4aa4c23\" class=\" wd-rs-69c71c4aa4c23 vc_custom_1774656605665 wd-button-wrapper text-center\"><a href=\"https:\/\/agroinco.com.bo\/website\/wp-content\/uploads\/2026\/03\/Ficha-Tecnica-LAMPO.pdf\" title=\"\" target=\"_blank\" class=\"btn btn-style-3d btn-shape-rectangle btn-size-default\">DESCARGAR PDF<\/a><\/div>[\/vc_column][\/vc_row]<\/p>\n<\/div>","protected":false},"excerpt":{"rendered":"<p>Fipronil 0.03 g\/Kg<\/p>\n","protected":false},"featured_media":11384,"template":"","meta":[],"product_brand":[],"product_cat":[110],"product_tag":[612,210,611,480],"class_list":{"0":"post-11385","1":"product","2":"type-product","3":"status-publish","4":"has-post-thumbnail","6":"product_cat-control-hormigas","7":"product_tag-cortadoras","8":"product_tag-jardin","9":"product_tag-lampo","10":"product_tag-sepes","12":"first","13":"instock","14":"shipping-taxable","15":"product-type-simple"},"_links":{"self":[{"href":"https:\/\/agroinco.com.bo\/website\/wp-json\/wp\/v2\/product\/11385","targetHints":{"allow":["GET"]}}],"collection":[{"href":"https:\/\/agroinco.com.bo\/website\/wp-json\/wp\/v2\/product"}],"about":[{"href":"https:\/\/agroinco.com.bo\/website\/wp-json\/wp\/v2\/types\/product"}],"wp:featuredmedia":[{"embeddable":true,"href":"https:\/\/agroinco.com.bo\/website\/wp-json\/wp\/v2\/media\/11384"}],"wp:attachment":[{"href":"https:\/\/agroinco.com.bo\/website\/wp-json\/wp\/v2\/media?parent=11385"}],"wp:term":[{"taxonomy":"product_brand","embeddable":true,"href":"https:\/\/agroinco.com.bo\/website\/wp-json\/wp\/v2\/product_brand?post=11385"},{"taxonomy":"product_cat","embeddable":true,"href":"https:\/\/agroinco.com.bo\/website\/wp-json\/wp\/v2\/product_cat?post=11385"},{"taxonomy":"product_tag","embeddable":true,"href":"https:\/\/agroinco.com.bo\/website\/wp-json\/wp\/v2\/product_tag?post=11385"}],"curies":[{"name":"wp","href":"https:\/\/api.w.org\/{rel}","templated":true}]}}